{"id":68,"date":"2016-09-12T10:47:21","date_gmt":"2016-09-12T08:47:21","guid":{"rendered":"https:\/\/sacepe-quest.neel.cnrs.fr\/?page_id=68"},"modified":"2024-02-06T10:57:55","modified_gmt":"2024-02-06T09:57:55","slug":"lab","status":"publish","type":"page","link":"https:\/\/sacepe-quest.neel.cnrs.fr\/index.php\/lab\/","title":{"rendered":"Lab"},"content":{"rendered":"<h1>Quantum transport setups<\/h1>\n<h1><img loading=\"lazy\" decoding=\"async\" class=\"wp-image-319 alignright\" src=\"https:\/\/sacepe-quest.neel.cnrs.fr\/wp-content\/uploads\/2016\/09\/lab2-200x300.jpg\" alt=\"lab2\" width=\"176\" height=\"264\" srcset=\"https:\/\/sacepe-quest.neel.cnrs.fr\/wp-content\/uploads\/2016\/09\/lab2-200x300.jpg 200w, https:\/\/sacepe-quest.neel.cnrs.fr\/wp-content\/uploads\/2016\/09\/lab2.jpg 667w\" sizes=\"auto, (max-width: 176px) 100vw, 176px\" \/><\/h1>\n<p>Quantum transport is performed in a dilution fridge (designed by <a href=\"http:\/\/cryoconcept.com\/\" target=\"_blank\" rel=\"noopener noreferrer\">cryoconcept<\/a>) with 9 mK of base temperature, equipped with an 18T magnet. Sample holder is <span lang=\"EN-US\">equipped with 25 heavily filtered dc wires (feedthrough pi filters, copper-powder filters, on-chip discrete filtering, lossy custom made shielded cables), and 2 coaxial lines with cold amplifier.<\/span><\/p>\n<p>A second small dilution refrigerator enables fast cooldown from room T to 50mK in 3 hours. It runs either in an helium deward or in a cryostat equipped with a 16T magnet.<\/p>\n<p><img loading=\"lazy\" decoding=\"async\" class=\"size-medium wp-image-1123 alignleft\" src=\"https:\/\/sacepe-quest.neel.cnrs.fr\/wp-content\/uploads\/2024\/02\/IMG20240125172735-225x300.jpg\" alt=\"\" width=\"225\" height=\"300\" srcset=\"https:\/\/sacepe-quest.neel.cnrs.fr\/wp-content\/uploads\/2024\/02\/IMG20240125172735-225x300.jpg 225w, https:\/\/sacepe-quest.neel.cnrs.fr\/wp-content\/uploads\/2024\/02\/IMG20240125172735-768x1024.jpg 768w, https:\/\/sacepe-quest.neel.cnrs.fr\/wp-content\/uploads\/2024\/02\/IMG20240125172735.jpg 1000w\" sizes=\"auto, (max-width: 225px) 100vw, 225px\" \/>A new cryofree fridge (Bluefors) for the ERC project SUPERGRAPH (2020-2025) is now operational. It is equipped with a 12T magnet, 48 dc lines and 6 coaxial lines, two low-noise amplifiers (0.2-2GHz and 4-8 GHz), isolators, IR filters&#8230;<\/p>\n<p>&nbsp;<\/p>\n<p>&nbsp;<\/p>\n<p>&nbsp;<\/p>\n<p>&nbsp;<\/p>\n<p>&nbsp;<\/p>\n<p>&nbsp;<\/p>\n<hr>\n<h1 style=\"text-align: left;\">10 mK, 14 T&nbsp; Scanning Tunneling Microscope<\/h1>\n<p style=\"text-align: left;\">&nbsp;<\/p>\n<p style=\"text-align: left;\">We have developped a hybrid AFM-STM operating at mK temperatures and up to 14 T. The AFM-STM enables us to scan large surfaces in AFM mode on insulating substrate in order to locate nanodevices, and then switch to STM mode on conductive surfaces to perform tunneling spectroscopy. Two different setups are operating in a low-loss helium cryostat equipped with a 14 teslas, 100 mm cold bore superconducting solenoid: i) a home-made 4K insert working with exchange gas, and ii) a custom-designed UHV dilution unit (designed by <a href=\"http:\/\/cryoconcept.com\/\" target=\"_blank\" rel=\"noopener noreferrer\">Cryoconcept<\/a>)&nbsp; cooling down to 0.02 K base temperature coupled to a UHV chamber for tip and sample preparation.<\/p>\n<p style=\"text-align: center;\"><strong>Lab construction<\/strong><\/p>\n<h1 style=\"text-align: left;\">&nbsp;<\/h1>\nngg_shortcode_0_placeholder\n<p style=\"text-align: center;\"><strong>STM dil. fridge setup<\/strong><\/p>\nngg_shortcode_1_placeholder\n<h3 style=\"text-align: left;\"><strong>Technical support<\/strong><\/h3>\n<p style=\"text-align: left;\">Fr\u00e9d\u00e9ric Gay, Philippe Plaindoux (cryogeny and electronics), Didier Dufeu and P\u00f4le ing\u00e9nierie exp\u00e9rimentale, Daniel Lepoittevin (dedicated current-voltage converters), Sylvain Dumont (high stability DACs), SERAS, Dominique Grand (CAD engineering of STM experiment, UHV dilution fridge and preparation chamber) and many others.<\/p>\n","protected":false},"excerpt":{"rendered":"<p>Quantum transport setups Quantum transport is performed in a dilution fridge (designed by cryoconcept) with 9 mK of base temperature, equipped with an 18T magnet. Sample holder is equipped with 25 heavily filtered dc wires (feedthrough pi filters, copper-powder filters,<\/p>\n","protected":false},"author":1,"featured_media":0,"parent":0,"menu_order":0,"comment_status":"closed","ping_status":"closed","template":"","meta":{"ngg_post_thumbnail":0,"footnotes":""},"class_list":["post-68","page","type-page","status-publish","hentry"],"_links":{"self":[{"href":"https:\/\/sacepe-quest.neel.cnrs.fr\/index.php\/wp-json\/wp\/v2\/pages\/68","targetHints":{"allow":["GET"]}}],"collection":[{"href":"https:\/\/sacepe-quest.neel.cnrs.fr\/index.php\/wp-json\/wp\/v2\/pages"}],"about":[{"href":"https:\/\/sacepe-quest.neel.cnrs.fr\/index.php\/wp-json\/wp\/v2\/types\/page"}],"author":[{"embeddable":true,"href":"https:\/\/sacepe-quest.neel.cnrs.fr\/index.php\/wp-json\/wp\/v2\/users\/1"}],"replies":[{"embeddable":true,"href":"https:\/\/sacepe-quest.neel.cnrs.fr\/index.php\/wp-json\/wp\/v2\/comments?post=68"}],"version-history":[{"count":65,"href":"https:\/\/sacepe-quest.neel.cnrs.fr\/index.php\/wp-json\/wp\/v2\/pages\/68\/revisions"}],"predecessor-version":[{"id":1130,"href":"https:\/\/sacepe-quest.neel.cnrs.fr\/index.php\/wp-json\/wp\/v2\/pages\/68\/revisions\/1130"}],"wp:attachment":[{"href":"https:\/\/sacepe-quest.neel.cnrs.fr\/index.php\/wp-json\/wp\/v2\/media?parent=68"}],"curies":[{"name":"wp","href":"https:\/\/api.w.org\/{rel}","templated":true}]}}